{"id":789,"date":"2025-04-08T19:58:10","date_gmt":"2025-04-08T19:58:10","guid":{"rendered":"https:\/\/test.btchick.com\/?page_id=789"},"modified":"2026-01-08T14:26:30","modified_gmt":"2026-01-08T12:26:30","slug":"contact","status":"publish","type":"page","link":"https:\/\/www.btchick.com\/sv\/contact\/","title":{"rendered":"KONTAKT"},"content":{"rendered":"<div data-elementor-type=\"wp-page\" data-elementor-id=\"789\" class=\"elementor elementor-789\" data-elementor-post-type=\"page\">\n\t\t\t\t<div class=\"elementor-element elementor-element-72d77d19 e-con-full e-flex e-con e-parent\" data-id=\"72d77d19\" data-element_type=\"container\" data-settings=\"{&quot;background_background&quot;:&quot;classic&quot;}\">\n\t\t<div class=\"elementor-element elementor-element-73f3c409 e-con-full e-flex e-con e-child\" data-id=\"73f3c409\" data-element_type=\"container\" data-settings=\"{&quot;background_background&quot;:&quot;classic&quot;}\">\n\t\t\t\t<div class=\"elementor-element elementor-element-7e35514d elementor-widget elementor-widget-heading\" data-id=\"7e35514d\" data-element_type=\"widget\" data-widget_type=\"heading.default\">\n\t\t\t\t<div class=\"elementor-widget-container\">\n\t\t\t\t\t<h3 class=\"elementor-heading-title elementor-size-default\">KONTAKT<\/h3>\t\t\t\t<\/div>\n\t\t\t\t<\/div>\n\t\t\t\t<div class=\"elementor-element elementor-element-cdfc2b2 elementor-widget elementor-widget-heading\" data-id=\"cdfc2b2\" data-element_type=\"widget\" data-widget_type=\"heading.default\">\n\t\t\t\t<div class=\"elementor-widget-container\">\n\t\t\t\t\t<h2 class=\"elementor-heading-title elementor-size-default\">Oavsett om du \u00e4r f\u00f6retagare, representerar en institution eller helt enkelt \u00e4r nyfiken p\u00e5 Bitcoin \u00e4r du v\u00e4lkommen att ta kontakt.<\/h2>\t\t\t\t<\/div>\n\t\t\t\t<\/div>\n\t\t\t\t<div class=\"elementor-element elementor-element-b983f23 elementor-align-center elementor-widget elementor-widget-button\" data-id=\"b983f23\" data-element_type=\"widget\" data-widget_type=\"button.default\">\n\t\t\t\t<div class=\"elementor-widget-container\">\n\t\t\t\t\t\t\t\t\t<div class=\"elementor-button-wrapper\">\n\t\t\t\t\t<a class=\"elementor-button elementor-button-link elementor-size-sm\" href=\"mailto:iam@btchick.se\">\n\t\t\t\t\t\t<span class=\"elementor-button-content-wrapper\">\n\t\t\t\t\t\t\t\t\t<span class=\"elementor-button-text\">Mejla till iam@btchick.com<\/span>\n\t\t\t\t\t<\/span>\n\t\t\t\t\t<\/a>\n\t\t\t\t<\/div>\n\t\t\t\t\t\t\t\t<\/div>\n\t\t\t\t<\/div>\n\t\t\t\t<\/div>\n\t\t<div class=\"elementor-element elementor-element-144baed e-con-full e-flex e-con e-child\" data-id=\"144baed\" data-element_type=\"container\" data-settings=\"{&quot;background_background&quot;:&quot;classic&quot;}\">\n\t\t\t\t<\/div>\n\t\t\t\t<\/div>\n\t\t\t\t<\/div>","protected":false},"excerpt":{"rendered":"<p>Contact Whether you are a merchant, business owner, institution or simply curious about bitcoin, you are welcome to reach out. MAIL TO IAM@BTCHICK.COM \u27f6<\/p>","protected":false},"author":1,"featured_media":0,"parent":0,"menu_order":0,"comment_status":"closed","ping_status":"closed","template":"","meta":{"footnotes":""},"class_list":["post-789","page","type-page","status-publish","hentry"],"_links":{"self":[{"href":"https:\/\/www.btchick.com\/sv\/wp-json\/wp\/v2\/pages\/789","targetHints":{"allow":["GET"]}}],"collection":[{"href":"https:\/\/www.btchick.com\/sv\/wp-json\/wp\/v2\/pages"}],"about":[{"href":"https:\/\/www.btchick.com\/sv\/wp-json\/wp\/v2\/types\/page"}],"author":[{"embeddable":true,"href":"https:\/\/www.btchick.com\/sv\/wp-json\/wp\/v2\/users\/1"}],"replies":[{"embeddable":true,"href":"https:\/\/www.btchick.com\/sv\/wp-json\/wp\/v2\/comments?post=789"}],"version-history":[{"count":127,"href":"https:\/\/www.btchick.com\/sv\/wp-json\/wp\/v2\/pages\/789\/revisions"}],"predecessor-version":[{"id":3239,"href":"https:\/\/www.btchick.com\/sv\/wp-json\/wp\/v2\/pages\/789\/revisions\/3239"}],"wp:attachment":[{"href":"https:\/\/www.btchick.com\/sv\/wp-json\/wp\/v2\/media?parent=789"}],"curies":[{"name":"wp","href":"https:\/\/api.w.org\/{rel}","templated":true}]}}