{"id":1942,"date":"2025-09-11T15:13:55","date_gmt":"2025-09-11T13:13:55","guid":{"rendered":"https:\/\/new.btchick.se\/?page_id=1942"},"modified":"2026-01-08T19:07:59","modified_gmt":"2026-01-08T17:07:59","slug":"bitcoin-island","status":"publish","type":"page","link":"https:\/\/www.btchick.com\/sv\/bitcoin-island\/","title":{"rendered":"BITCOIN ISLAND"},"content":{"rendered":"<div data-elementor-type=\"wp-page\" data-elementor-id=\"1942\" class=\"elementor elementor-1942\" data-elementor-post-type=\"page\">\n\t\t\t\t<div class=\"elementor-element elementor-element-b4d143d e-con-full e-flex e-con e-parent\" data-id=\"b4d143d\" data-element_type=\"container\" data-settings=\"{&quot;background_background&quot;:&quot;classic&quot;}\">\n\t\t<div class=\"elementor-element elementor-element-0d4d27f e-flex e-con-boxed e-con e-child\" data-id=\"0d4d27f\" data-element_type=\"container\">\n\t\t\t\t\t<div class=\"e-con-inner\">\n\t\t\t\t<div class=\"elementor-element elementor-element-a0eedc3 elementor-widget elementor-widget-heading\" data-id=\"a0eedc3\" data-element_type=\"widget\" data-widget_type=\"heading.default\">\n\t\t\t\t<div class=\"elementor-widget-container\">\n\t\t\t\t\t<h2 class=\"elementor-heading-title elementor-size-default\">Bitcoin Island<\/h2>\t\t\t\t<\/div>\n\t\t\t\t<\/div>\n\t\t\t\t<div class=\"elementor-element elementor-element-6299c39 elementor-widget elementor-widget-heading\" data-id=\"6299c39\" data-element_type=\"widget\" data-widget_type=\"heading.default\">\n\t\t\t\t<div class=\"elementor-widget-container\">\n\t\t\t\t\t<h2 class=\"elementor-heading-title elementor-size-default\">Ett l\u00e5ngsiktigt initiativ f\u00f6r Bitcoin-adoption<\/h2>\t\t\t\t<\/div>\n\t\t\t\t<\/div>\n\t\t\t\t\t<\/div>\n\t\t\t\t<\/div>\n\t\t\t\t<\/div>\n\t\t<div class=\"elementor-element elementor-element-7ff84e68 e-flex e-con-boxed e-con e-parent\" data-id=\"7ff84e68\" data-element_type=\"container\">\n\t\t\t\t\t<div class=\"e-con-inner\">\n\t\t<div class=\"elementor-element elementor-element-15470413 e-flex e-con-boxed e-con e-child\" data-id=\"15470413\" data-element_type=\"container\">\n\t\t\t\t\t<div class=\"e-con-inner\">\n\t\t\t\t<div class=\"elementor-element elementor-element-7aaf1047 elementor-widget elementor-widget-heading\" data-id=\"7aaf1047\" data-element_type=\"widget\" data-widget_type=\"heading.default\">\n\t\t\t\t<div class=\"elementor-widget-container\">\n\t\t\t\t\t<h1 class=\"elementor-heading-title elementor-size-default\">Varf\u00f6r Lilla Essingen?<\/h1>\t\t\t\t<\/div>\n\t\t\t\t<\/div>\n\t\t\t\t<div class=\"elementor-element elementor-element-b8e5024 elementor-widget elementor-widget-text-editor\" data-id=\"b8e5024\" data-element_type=\"widget\" data-widget_type=\"text-editor.default\">\n\t\t\t\t<div class=\"elementor-widget-container\">\n\t\t\t\t\t\t\t\t\t<p data-start=\"1130\" data-end=\"1275\">Lilla Essingen is one of Stockholm\u2019s smallest inhabited islands, home to a local community and approximately 30 independent merchants.<\/p><p data-start=\"1487\" data-end=\"1831\">Stockholm \u00e4r hem f\u00f6r v\u00e4rldens \u00e4ldsta centralbank och har l\u00e4nge varit en tidig anv\u00e4ndare av finansiell innovation, inklusive utvecklingen av centralbankernas digitala valutor (CBDC). Om innovation \u00e4r en del av stadens identitet \u00e4r det minst lika viktigt att \u00e4ven utforska alternativa monet\u00e4ra system byggda p\u00e5 decentralisering.<\/p><p data-start=\"1833\" data-end=\"2002\">Bitcoin Island was created as a long-term initiative to explore exactly that.<\/p>\t\t\t\t\t\t\t\t<\/div>\n\t\t\t\t<\/div>\n\t\t\t\t\t<\/div>\n\t\t\t\t<\/div>\n\t\t<div class=\"elementor-element elementor-element-6da6de23 e-flex e-con-boxed e-con e-child\" data-id=\"6da6de23\" data-element_type=\"container\">\n\t\t\t\t\t<div class=\"e-con-inner\">\n\t\t\t\t<div class=\"elementor-element elementor-element-02104df elementor-widget elementor-widget-image\" data-id=\"02104df\" data-element_type=\"widget\" data-widget_type=\"image.default\">\n\t\t\t\t<div class=\"elementor-widget-container\">\n\t\t\t\t\t\t\t\t\t\t\t\t\t\t\t<img fetchpriority=\"high\" decoding=\"async\" width=\"800\" height=\"1000\" src=\"https:\/\/www.btchick.com\/wp-content\/uploads\/2026\/01\/Soderberg-and-Partners-1080-x-1350-px-819x1024.png\" class=\"attachment-large size-large wp-image-3213\" alt=\"\" srcset=\"https:\/\/www.btchick.com\/wp-content\/uploads\/2026\/01\/Soderberg-and-Partners-1080-x-1350-px-819x1024.png 819w, https:\/\/www.btchick.com\/wp-content\/uploads\/2026\/01\/Soderberg-and-Partners-1080-x-1350-px-240x300.png 240w, https:\/\/www.btchick.com\/wp-content\/uploads\/2026\/01\/Soderberg-and-Partners-1080-x-1350-px-768x960.png 768w, https:\/\/www.btchick.com\/wp-content\/uploads\/2026\/01\/Soderberg-and-Partners-1080-x-1350-px-10x12.png 10w, https:\/\/www.btchick.com\/wp-content\/uploads\/2026\/01\/Soderberg-and-Partners-1080-x-1350-px-600x750.png 600w, https:\/\/www.btchick.com\/wp-content\/uploads\/2026\/01\/Soderberg-and-Partners-1080-x-1350-px.png 1080w\" sizes=\"(max-width: 800px) 100vw, 800px\" \/>\t\t\t\t\t\t\t\t\t\t\t\t\t\t\t<\/div>\n\t\t\t\t<\/div>\n\t\t\t\t\t<\/div>\n\t\t\t\t<\/div>\n\t\t\t\t\t<\/div>\n\t\t\t\t<\/div>\n\t\t<div class=\"elementor-element elementor-element-3032f47d e-flex e-con-boxed e-con e-parent\" data-id=\"3032f47d\" data-element_type=\"container\">\n\t\t\t\t\t<div class=\"e-con-inner\">\n\t\t<div class=\"elementor-element elementor-element-6e57df06 e-con-full e-flex e-con e-child\" data-id=\"6e57df06\" data-element_type=\"container\">\n\t\t\t\t<div class=\"elementor-element elementor-element-1e2ab1e3 elementor-widget elementor-widget-image\" data-id=\"1e2ab1e3\" data-element_type=\"widget\" data-widget_type=\"image.default\">\n\t\t\t\t<div class=\"elementor-widget-container\">\n\t\t\t\t\t\t\t\t\t\t\t\t\t\t\t<img decoding=\"async\" width=\"800\" height=\"1000\" src=\"https:\/\/www.btchick.com\/wp-content\/uploads\/2026\/01\/Soderberg-and-Partners-1080-x-1350-px-1-819x1024.png\" class=\"attachment-large size-large wp-image-3214\" alt=\"\" srcset=\"https:\/\/www.btchick.com\/wp-content\/uploads\/2026\/01\/Soderberg-and-Partners-1080-x-1350-px-1-819x1024.png 819w, https:\/\/www.btchick.com\/wp-content\/uploads\/2026\/01\/Soderberg-and-Partners-1080-x-1350-px-1-240x300.png 240w, https:\/\/www.btchick.com\/wp-content\/uploads\/2026\/01\/Soderberg-and-Partners-1080-x-1350-px-1-768x960.png 768w, https:\/\/www.btchick.com\/wp-content\/uploads\/2026\/01\/Soderberg-and-Partners-1080-x-1350-px-1-10x12.png 10w, https:\/\/www.btchick.com\/wp-content\/uploads\/2026\/01\/Soderberg-and-Partners-1080-x-1350-px-1-600x750.png 600w, https:\/\/www.btchick.com\/wp-content\/uploads\/2026\/01\/Soderberg-and-Partners-1080-x-1350-px-1.png 1080w\" sizes=\"(max-width: 800px) 100vw, 800px\" \/>\t\t\t\t\t\t\t\t\t\t\t\t\t\t\t<\/div>\n\t\t\t\t<\/div>\n\t\t\t\t<\/div>\n\t\t<div class=\"elementor-element elementor-element-2d81735 e-con-full e-flex e-con e-child\" data-id=\"2d81735\" data-element_type=\"container\">\n\t\t\t\t<div class=\"elementor-element elementor-element-c02db0a elementor-widget elementor-widget-heading\" data-id=\"c02db0a\" data-element_type=\"widget\" data-widget_type=\"heading.default\">\n\t\t\t\t<div class=\"elementor-widget-container\">\n\t\t\t\t\t<h1 class=\"elementor-heading-title elementor-size-default\">Id\u00e9n bakom Bitcoin Island<\/h1>\t\t\t\t<\/div>\n\t\t\t\t<\/div>\n\t\t\t\t<div class=\"elementor-element elementor-element-e0377e7 elementor-widget elementor-widget-text-editor\" data-id=\"e0377e7\" data-element_type=\"widget\" data-widget_type=\"text-editor.default\">\n\t\t\t\t<div class=\"elementor-widget-container\">\n\t\t\t\t\t\t\t\t\t<p data-start=\"2235\" data-end=\"2290\">Id\u00e9n bakom Bitcoin Island \u00e4r medvetet enkel:<\/p><p data-start=\"2292\" data-end=\"2431\">Att st\u00f6dja ett lokalsamh\u00e4lle d\u00e4r verksamheter \u00f6ver tid b\u00f6rjar acceptera Bitcoin som betalningsmetod \u2013 genom utbildning, st\u00f6d och adoption.<\/p>\t\t\t\t\t\t\t\t<\/div>\n\t\t\t\t<\/div>\n\t\t\t\t<div class=\"elementor-element elementor-element-2655840 elementor-widget elementor-widget-text-editor\" data-id=\"2655840\" data-element_type=\"widget\" data-widget_type=\"text-editor.default\">\n\t\t\t\t<div class=\"elementor-widget-container\">\n\t\t\t\t\t\t\t\t\t<p>Bitcoin Island har som m\u00e5l att bli en plats d\u00e4r:<\/p>\t\t\t\t\t\t\t\t<\/div>\n\t\t\t\t<\/div>\n\t\t\t\t<div class=\"elementor-element elementor-element-e3813c9 elementor-widget elementor-widget-text-editor\" data-id=\"e3813c9\" data-element_type=\"widget\" data-widget_type=\"text-editor.default\">\n\t\t\t\t<div class=\"elementor-widget-container\">\n\t\t\t\t\t\t\t\t\t<p data-start=\"2571\" data-end=\"2644\">\u00a0<\/p><ul><li data-start=\"2645\" data-end=\"2715\"><p data-start=\"2647\" data-end=\"2715\">Verksamheter kan testa POS-terminaler, Lightning-betalningar och NFC-verktyg.<\/p><\/li><li data-start=\"2716\" data-end=\"2792\"><p data-start=\"2718\" data-end=\"2792\">Butiks\u00e4gare kan se Bitcoin anv\u00e4ndas i verkliga kommersiella sammanhang.<\/p><\/li><li data-start=\"2793\" data-end=\"2848\"><p data-start=\"2795\" data-end=\"2848\">Bitcoin-betalningar blir lika sj\u00e4lvklara som kort eller kontanter.<\/p><\/li><li data-start=\"2849\" data-end=\"2934\"><p data-start=\"2851\" data-end=\"2934\">B\u00e5de verksamheter och kunder drar nytta av snabba, globala och gr\u00e4nsl\u00f6sa betalningar.<\/p><\/li><\/ul>\t\t\t\t\t\t\t\t<\/div>\n\t\t\t\t<\/div>\n\t\t\t\t<\/div>\n\t\t\t\t\t<\/div>\n\t\t\t\t<\/div>\n\t\t<div class=\"elementor-element elementor-element-56f478 e-flex e-con-boxed e-con e-parent\" data-id=\"56f478\" data-element_type=\"container\">\n\t\t\t\t\t<div class=\"e-con-inner\">\n\t\t<div class=\"elementor-element elementor-element-288e51c8 e-con-full e-flex e-con e-child\" data-id=\"288e51c8\" data-element_type=\"container\">\n\t\t\t\t<div class=\"elementor-element elementor-element-6b50a06 elementor-widget elementor-widget-heading\" data-id=\"6b50a06\" data-element_type=\"widget\" data-widget_type=\"heading.default\">\n\t\t\t\t<div class=\"elementor-widget-container\">\n\t\t\t\t\t<h1 class=\"elementor-heading-title elementor-size-default\">Bitcoin f\u00f6r verksamheter<\/h1>\t\t\t\t<\/div>\n\t\t\t\t<\/div>\n\t\t\t\t<div class=\"elementor-element elementor-element-5250c64 elementor-widget elementor-widget-text-editor\" data-id=\"5250c64\" data-element_type=\"widget\" data-widget_type=\"text-editor.default\">\n\t\t\t\t<div class=\"elementor-widget-container\">\n\t\t\t\t\t\t\t\t\t<p data-start=\"3466\" data-end=\"3650\">F\u00f6r lokala f\u00f6retag kan Bitcoin inneb\u00e4ra snabbare avveckling, mindre friktion i betalningar och tillg\u00e5ng till en global kundbas, samtidigt som full kontroll \u00f6ver betalningsfl\u00f6den beh\u00e5lls.<\/p><p data-start=\"3652\" data-end=\"3802\">Bitcoin Island focuses on helping merchants understand these benefits in practice, not as theory, but through real-world use and hands-on experiences.<\/p>\t\t\t\t\t\t\t\t<\/div>\n\t\t\t\t<\/div>\n\t\t\t\t<div class=\"elementor-element elementor-element-96dd6b7 elementor-align-center elementor-tablet-align-center elementor-widget elementor-widget-button\" data-id=\"96dd6b7\" data-element_type=\"widget\" data-widget_type=\"button.default\">\n\t\t\t\t<div class=\"elementor-widget-container\">\n\t\t\t\t\t\t\t\t\t<div class=\"elementor-button-wrapper\">\n\t\t\t\t\t<a class=\"elementor-button elementor-button-link elementor-size-sm\" href=\"https:\/\/new.btchick.se\/bitcoin-for-merchants\/\">\n\t\t\t\t\t\t<span class=\"elementor-button-content-wrapper\">\n\t\t\t\t\t\t\t\t\t<span class=\"elementor-button-text\">L\u00e4s mer<\/span>\n\t\t\t\t\t<\/span>\n\t\t\t\t\t<\/a>\n\t\t\t\t<\/div>\n\t\t\t\t\t\t\t\t<\/div>\n\t\t\t\t<\/div>\n\t\t\t\t<\/div>\n\t\t<div class=\"elementor-element elementor-element-375b943e e-con-full e-flex e-con e-child\" data-id=\"375b943e\" data-element_type=\"container\">\n\t\t\t\t<div class=\"elementor-element elementor-element-25bd7cb elementor-widget elementor-widget-image\" data-id=\"25bd7cb\" data-element_type=\"widget\" data-widget_type=\"image.default\">\n\t\t\t\t<div class=\"elementor-widget-container\">\n\t\t\t\t\t\t\t\t\t\t\t\t\t\t\t<img decoding=\"async\" width=\"800\" height=\"1000\" src=\"https:\/\/www.btchick.com\/wp-content\/uploads\/2026\/01\/Soderberg-and-Partners-1080-x-1350-px-2-819x1024.png\" class=\"attachment-large size-large wp-image-3215\" alt=\"\" srcset=\"https:\/\/www.btchick.com\/wp-content\/uploads\/2026\/01\/Soderberg-and-Partners-1080-x-1350-px-2-819x1024.png 819w, https:\/\/www.btchick.com\/wp-content\/uploads\/2026\/01\/Soderberg-and-Partners-1080-x-1350-px-2-240x300.png 240w, https:\/\/www.btchick.com\/wp-content\/uploads\/2026\/01\/Soderberg-and-Partners-1080-x-1350-px-2-768x960.png 768w, https:\/\/www.btchick.com\/wp-content\/uploads\/2026\/01\/Soderberg-and-Partners-1080-x-1350-px-2-10x12.png 10w, https:\/\/www.btchick.com\/wp-content\/uploads\/2026\/01\/Soderberg-and-Partners-1080-x-1350-px-2-600x750.png 600w, https:\/\/www.btchick.com\/wp-content\/uploads\/2026\/01\/Soderberg-and-Partners-1080-x-1350-px-2.png 1080w\" sizes=\"(max-width: 800px) 100vw, 800px\" \/>\t\t\t\t\t\t\t\t\t\t\t\t\t\t\t<\/div>\n\t\t\t\t<\/div>\n\t\t\t\t<\/div>\n\t\t\t\t\t<\/div>\n\t\t\t\t<\/div>\n\t\t<div class=\"elementor-element elementor-element-380cce33 e-flex e-con-boxed e-con e-parent\" data-id=\"380cce33\" data-element_type=\"container\">\n\t\t\t\t\t<div class=\"e-con-inner\">\n\t\t\t\t<div class=\"elementor-element elementor-element-7643c6c elementor-widget elementor-widget-heading\" data-id=\"7643c6c\" data-element_type=\"widget\" data-widget_type=\"heading.default\">\n\t\t\t\t<div class=\"elementor-widget-container\">\n\t\t\t\t\t<h1 class=\"elementor-heading-title elementor-size-default\">Delta i initiativet<\/h1>\t\t\t\t<\/div>\n\t\t\t\t<\/div>\n\t\t\t\t<div class=\"elementor-element elementor-element-29718d9 elementor-widget elementor-widget-text-editor\" data-id=\"29718d9\" data-element_type=\"widget\" data-widget_type=\"text-editor.default\">\n\t\t\t\t<div class=\"elementor-widget-container\">\n\t\t\t\t\t\t\t\t\t<p data-start=\"4027\" data-end=\"4195\">Bitcoin Island \u00e4r \u00f6ppet f\u00f6r butiker, cafeer, resturanger och privatpersoner som \u00e4r nyfikna p\u00e5 Bitcoin och intresserade av att f\u00f6lja eller st\u00f6dja projektet i takt med att det utvecklas.<\/p><p data-start=\"4197\" data-end=\"4330\">Om du vill veta mer eller utforska hur Bitcoin Island kan bli relevant f\u00f6r din verksamhet \u00e4r du varmt v\u00e4lkommen att ta kontakt.<\/p>\t\t\t\t\t\t\t\t<\/div>\n\t\t\t\t<\/div>\n\t\t\t\t<div class=\"elementor-element elementor-element-09d9c05 elementor-align-center elementor-tablet-align-center elementor-widget elementor-widget-button\" data-id=\"09d9c05\" data-element_type=\"widget\" data-widget_type=\"button.default\">\n\t\t\t\t<div class=\"elementor-widget-container\">\n\t\t\t\t\t\t\t\t\t<div class=\"elementor-button-wrapper\">\n\t\t\t\t\t<a class=\"elementor-button elementor-button-link elementor-size-sm\" href=\"https:\/\/new.btchick.se\/contact\/\">\n\t\t\t\t\t\t<span class=\"elementor-button-content-wrapper\">\n\t\t\t\t\t\t\t\t\t<span class=\"elementor-button-text\">KONTAKT<\/span>\n\t\t\t\t\t<\/span>\n\t\t\t\t\t<\/a>\n\t\t\t\t<\/div>\n\t\t\t\t\t\t\t\t<\/div>\n\t\t\t\t<\/div>\n\t\t\t\t\t<\/div>\n\t\t\t\t<\/div>\n\t\t\t\t<\/div>","protected":false},"excerpt":{"rendered":"<p>Bitcoin Island A long-term initiative for bitcoin adoption Why Lilla Essingen? Lilla Essingen is one of Stockholm\u2019s smallest inhabited islands, home to a local community and approximately 30 independent merchants. Stockholm is home to the world\u2019s oldest central bank and has been an early adopter of financial innovation, including the development of central bank digital [&hellip;]<\/p>","protected":false},"author":1,"featured_media":0,"parent":0,"menu_order":0,"comment_status":"closed","ping_status":"closed","template":"","meta":{"footnotes":""},"class_list":["post-1942","page","type-page","status-publish","hentry"],"_links":{"self":[{"href":"https:\/\/www.btchick.com\/sv\/wp-json\/wp\/v2\/pages\/1942","targetHints":{"allow":["GET"]}}],"collection":[{"href":"https:\/\/www.btchick.com\/sv\/wp-json\/wp\/v2\/pages"}],"about":[{"href":"https:\/\/www.btchick.com\/sv\/wp-json\/wp\/v2\/types\/page"}],"author":[{"embeddable":true,"href":"https:\/\/www.btchick.com\/sv\/wp-json\/wp\/v2\/users\/1"}],"replies":[{"embeddable":true,"href":"https:\/\/www.btchick.com\/sv\/wp-json\/wp\/v2\/comments?post=1942"}],"version-history":[{"count":172,"href":"https:\/\/www.btchick.com\/sv\/wp-json\/wp\/v2\/pages\/1942\/revisions"}],"predecessor-version":[{"id":3310,"href":"https:\/\/www.btchick.com\/sv\/wp-json\/wp\/v2\/pages\/1942\/revisions\/3310"}],"wp:attachment":[{"href":"https:\/\/www.btchick.com\/sv\/wp-json\/wp\/v2\/media?parent=1942"}],"curies":[{"name":"wp","href":"https:\/\/api.w.org\/{rel}","templated":true}]}}